{"id":1008,"date":"2018-08-06T17:13:29","date_gmt":"2018-08-06T15:13:29","guid":{"rendered":"http:\/\/www.oxfa.eu\/?page_id=1008"},"modified":"2020-11-11T10:15:03","modified_gmt":"2020-11-11T09:15:03","slug":"imprint","status":"publish","type":"page","link":"https:\/\/www.oxfa.eu\/en\/imprint\/","title":{"rendered":"Imprint"},"content":{"rendered":"<section class=\"l-section wpb_row height_auto width_full\"><div class=\"l-section-h i-cf\"><div class=\"g-cols vc_row via_flex valign_top type_default stacking_default\"><div class=\"vc_col-sm-12 wpb_column vc_column_container\"><div class=\"vc_column-inner\"><div class=\"wpb_wrapper\">[rev_slider_vc alias=&#8221;imprint_en&#8221;]<\/div><\/div><\/div><\/div><\/div><\/section><section class=\"l-section wpb_row height_medium\"><div class=\"l-section-h i-cf\"><div class=\"g-cols vc_row via_flex valign_top type_default stacking_default\"><div class=\"vc_col-sm-12 wpb_column vc_column_container\"><div class=\"vc_column-inner\"><div class=\"wpb_wrapper\"><div class=\"wpb_text_column\"><div class=\"wpb_wrapper\"><h1 class=\"top-margin-0\">Impressum nach \u00a75 TMG<\/h1>\n<h4>Verantwortlich f\u00fcr den Inhalt<\/h4>\n<p class=\"bottom-margin-0\">OxFA GmbH<br \/>\nDr. h. c. Hermann Wolf Jbach (Chief Executive Officer)<br \/>\nDipl.-Ing. Matthias Schmidt (Chief Executive Officer)<br \/>\nAlte Ziegelei<br \/>\n96110 Sche\u00dflitz<br \/>\n<b>Tel.: <\/b>+49 9542 77440-0<br \/>\n<b>Fax:<\/b> +49 9542 77440-21<span id=\"inhalt\"><br \/>\n<strong>E-Mail:<\/strong> <a href=\"mailto:&quot;kontakt@oxfa.eu&quot;\">kontakt(at)oxfa.eu<\/a><br \/>\n<\/span><\/p>\n<p>Handelsregister:<br \/>\nAmtsgericht Bamberg<br \/>\nSitz der Gesellschaft: Sche\u00dflitz, HRB 8123<br \/>\nUSt.-ID: DE299816761<\/p>\n<p><b>Bildquellen<br \/>\n<\/b>Florian Kohler, OxFA GmbH und <a href=\"http:\/\/www.fotolia.com\" target=\"_blank\" rel=\"noopener noreferrer\">fotolia.com<\/a><\/p>\n<p>Foto #163451832 | Urheber: photoschmidt<br \/>\nFoto #164200564 | Urheber: m.mphoto<br \/>\nFoto #119789986 | Urheber: Chinnapong<br \/>\nFoto #209986882 | Urheber: photoschmidt<br \/>\nFoto #118081151 | Urheber: Smileus<br \/>\nFoto #126969362 | Urheber: artjazz<br \/>\nFoto #30947755 | Urheber: Chlorophylle<br \/>\nFoto #199850553 | Urheber: Romolo Tavani<br \/>\nFoto #118623210 | Urheber: Gisela<\/p>\n<p><b>Links zu anderen Websites<br \/>\n<\/b>Die OxFA GmbH erkl\u00e4rt hiermit ausdr\u00fccklich, dass zum Zeitpunkt der Linksetzung die verlinkten Seiten keine illegalen Inhalte enthalten haben. OxFA hat keinerlei Einfluss auf die aktuelle und zuk\u00fcnftige Gestaltung der verlinkten Seiten und distanziert sich daher hiermit ausdr\u00fccklich von allen inhaltlichen \u00c4nderungen, die nach der Linkssetzung auf den verlinkten Seiten vorgenommen werden.<\/p>\n<p><b>Markenzeichen<\/b><br \/>\nSoweit nicht anders angegeben, sind alle auf den Internetseiten verwendeten Marken markenrechtlich gesch\u00fctzt. Dies gilt vor allem f\u00fcr Firmenlogos und Kennzeichen.<br \/>\n<b><br \/>\nInhalt des Onlineangebotes<\/b><br \/>\nDie OxFA GmbH \u00fcbernimmt keinerlei Gew\u00e4hr f\u00fcr die Aktualit\u00e4t, Korrektheit, Vollst\u00e4ndigkeit oder Qualit\u00e4t der bereit gestellten Informationen. Haftungsanspr\u00fcche gegen den Autor, welche sich auf Sch\u00e4den materieller oder ideeller Art beziehen, die durch die Nutzung oder Nichtnutzung der dargebotenen Informationen bzw. durch die Nutzung fehlerhafter und unvollst\u00e4ndiger Informationen verursacht wurden, sind grunds\u00e4tzlich ausgeschlossen, sofern seitens OxFA kein nachweislich vors\u00e4tzliches oder grob fahrl\u00e4ssiges Verschulden vorliegt. Alle Angebote sind freibleibend und unverbindlich. Die OxFA GmbH beh\u00e4lt es sich ausdr\u00fccklich vor, Teile der Seiten oder das gesamte Angebot ohne gesonderte Ank\u00fcndigung zu ver\u00e4ndern, zu erg\u00e4nzen, zu l\u00f6schen oder die Ver\u00f6ffentlichung zeitweise oder endg\u00fcltig einzustellen. Weder die Ver\u00f6ffentlichung noch ihr Inhalt d\u00fcrfen ohne die vorherige ausdr\u00fcckliche Erlaubnis von OxFA auf irgendeine Art ver\u00e4ndert oder an Dritte verteilt oder \u00fcbermittelt werden.<\/p>\n<\/div><\/div><\/div><\/div><\/div><\/div><\/div><\/section>\n","protected":false},"excerpt":{"rendered":"[rev_slider_vc alias=\"imprint_en\"]Impressum nach \u00a75 TMG Verantwortlich f\u00fcr den Inhalt OxFA GmbH Dr. h. c. Hermann Wolf Jbach (Chief Executive Officer) Dipl.-Ing. Matthias Schmidt (Chief Executive Officer) Alte Ziegelei 96110 Sche\u00dflitz Tel.: +49 9542 77440-0 Fax: +49 9542 77440-21 E-Mail: kontakt(at)oxfa.eu Handelsregister: Amtsgericht Bamberg Sitz der Gesellschaft: Sche\u00dflitz, HRB 8123 USt.-ID: DE299816761 Bildquellen Florian Kohler, OxFA...","protected":false},"author":1,"featured_media":0,"parent":0,"menu_order":0,"comment_status":"closed","ping_status":"closed","template":"","meta":{"footnotes":""},"_links":{"self":[{"href":"https:\/\/www.oxfa.eu\/en\/wp-json\/wp\/v2\/pages\/1008\/"}],"collection":[{"href":"https:\/\/www.oxfa.eu\/en\/wp-json\/wp\/v2\/pages\/"}],"about":[{"href":"https:\/\/www.oxfa.eu\/en\/wp-json\/wp\/v2\/types\/page\/"}],"author":[{"embeddable":true,"href":"https:\/\/www.oxfa.eu\/en\/wp-json\/wp\/v2\/users\/1\/"}],"replies":[{"embeddable":true,"href":"https:\/\/www.oxfa.eu\/en\/wp-json\/wp\/v2\/comments\/?post=1008"}],"version-history":[{"count":10,"href":"https:\/\/www.oxfa.eu\/en\/wp-json\/wp\/v2\/pages\/1008\/revisions\/"}],"predecessor-version":[{"id":1900,"href":"https:\/\/www.oxfa.eu\/en\/wp-json\/wp\/v2\/pages\/1008\/revisions\/1900\/"}],"wp:attachment":[{"href":"https:\/\/www.oxfa.eu\/en\/wp-json\/wp\/v2\/media\/?parent=1008"}],"curies":[{"name":"wp","href":"https:\/\/api.w.org\/{rel}","templated":true}]}}